{"id":15,"date":"2025-08-04T17:40:21","date_gmt":"2025-08-04T17:40:21","guid":{"rendered":"https:\/\/www.militaire-investisseur.com\/?page_id=15"},"modified":"2025-08-04T19:34:54","modified_gmt":"2025-08-04T19:34:54","slug":"homepage","status":"publish","type":"page","link":"https:\/\/www.militaire-investisseur.com\/","title":{"rendered":"Homepage"},"content":{"rendered":"\n<div class=\"wp-block-cover alignfull is-light\" style=\"min-height:100vh;aspect-ratio:unset;\"><video class=\"wp-block-cover__video-background intrinsic-ignore\" autoplay muted loop playsinline src=\"https:\/\/demo.wpzoom.com\/inspiro-lite\/files\/2022\/03\/Pexels-Videos-1409899-1.mp4\" data-object-fit=\"cover\"><\/video><span aria-hidden=\"true\" class=\"wp-block-cover__background has-background-dim-20 has-background-dim\"><\/span><div class=\"wp-block-cover__inner-container has-global-padding is-layout-constrained wp-block-cover-is-layout-constrained\">\n<p class=\"has-text-align-center has-white-color has-text-color has-max-60-font-size\" style=\"font-style:normal;font-weight:900;line-height:1.2\"><strong>Site en cours de cr\u00e9ation<\/strong><\/p>\n\n\n\n<p class=\"has-text-align-center has-white-color has-text-color has-medium-font-size\"><\/p>\n\n\n\n<div style=\"height:55px\" aria-hidden=\"true\" class=\"wp-block-spacer\"><\/div>\n\n\n\n<div class=\"wp-block-buttons is-content-justification-center is-layout-flex wp-container-core-buttons-is-layout-a89b3969 wp-block-buttons-is-layout-flex\">\n<div class=\"wp-block-button is-style-outline is-style-outline--1\"><a class=\"wp-block-button__link has-white-color has-text-color wp-element-button\" href=\"#\" style=\"border-radius:0px\">Learn More<\/a><\/div>\n<\/div>\n<\/div><\/div>\n\n\n\n<div class=\"wp-block-group alignfull has-global-padding is-layout-constrained wp-block-group-is-layout-constrained\">\n<div class=\"wp-block-group has-global-padding is-layout-constrained wp-block-group-is-layout-constrained\" style=\"padding-top:var(--wp--preset--spacing--small);padding-bottom:var(--wp--preset--spacing--small)\">\n<div style=\"height:30px\" aria-hidden=\"true\" class=\"wp-block-spacer\"><\/div>\n\n\n\n<div class=\"wp-block-columns is-layout-flex wp-container-core-columns-is-layout-c375d253 wp-block-columns-is-layout-flex\">\n<div class=\"wp-block-column is-vertically-aligned-center is-layout-flow wp-block-column-is-layout-flow\">\n<h2 class=\"wp-block-heading has-medium-font-size\" style=\"text-transform:uppercase\">About us<\/h2>\n\n\n\n<p>Je suis Julien le Militaire Investisseur<\/p>\n\n\n\n<p>Militaire depuis 17 ans, investisseur depuis 11, fra\u00eechement titulaire d&#8217;un BTS Professions Immobili\u00e8res, je sais \u00e0 quel point notre solde peine \u00e0 suivre l\u2019inflation croissante. J&#8217;ai vu trop de camarades se lancer avec DEFMOB pour finalement se retrouver dans des m\u00e9tiers sans perspective, loin de ce que l\u2019on attend apr\u00e8s des ann\u00e9es de service. Et aujourd\u2019hui, la retraite \u00e0 jouissance imm\u00e9diate, autrefois un pilier, est de plus en plus incertaine.<\/p>\n\n\n\n<p>Dans ce contexte, s\u00e9curiser son avenir financier est devenu une mission vitale. Un patrimoine solide n\u2019est plus un simple bonus, mais une assurance. Imaginez un compl\u00e9ment de solde et un patrimoine immobilier qui vous soutiennent aujourd\u2019hui et vous accompagne demain, pour une transition sereine apr\u00e8s l\u2019Arm\u00e9e.<\/p>\n\n\n\n<p>C\u2019est pour r\u00e9pondre \u00e0 ce besoin que j\u2019ai cr\u00e9\u00e9 la premi\u00e8re formation immobili\u00e8re sp\u00e9cifiquement pens\u00e9e pour les militaires.\u00a0Vous y trouverez des m\u00e9thodes concr\u00e8tes et un accompagnement pas \u00e0 pas pour r\u00e9aliser votre premi\u00e8re acquisition en toute confiance.<\/p>\n\n\n\n<div class=\"wp-block-buttons is-horizontal is-content-justification-left is-layout-flex wp-container-core-buttons-is-layout-20be11b6 wp-block-buttons-is-layout-flex\"><\/div>\n\n\n\n<p><\/p>\n<\/div>\n\n\n\n<div class=\"wp-block-column is-layout-flow wp-block-column-is-layout-flow\">\n<figure class=\"wp-block-image size-large\"><img loading=\"lazy\" decoding=\"async\" width=\"1024\" height=\"1024\" src=\"https:\/\/www.militaire-investisseur.com\/wp-content\/uploads\/2025\/08\/Blanc-Photographique-elegant-Post-Instagram-1024x1024.png\" alt=\"\" class=\"wp-image-35\" srcset=\"https:\/\/www.militaire-investisseur.com\/wp-content\/uploads\/2025\/08\/Blanc-Photographique-elegant-Post-Instagram-1024x1024.png 1024w, https:\/\/www.militaire-investisseur.com\/wp-content\/uploads\/2025\/08\/Blanc-Photographique-elegant-Post-Instagram-300x300.png 300w, https:\/\/www.militaire-investisseur.com\/wp-content\/uploads\/2025\/08\/Blanc-Photographique-elegant-Post-Instagram-150x150.png 150w, https:\/\/www.militaire-investisseur.com\/wp-content\/uploads\/2025\/08\/Blanc-Photographique-elegant-Post-Instagram.png 1080w\" sizes=\"auto, (max-width: 1024px) 100vw, 1024px\" \/><\/figure>\n<\/div>\n<\/div>\n\n\n\n<div style=\"height:30px\" aria-hidden=\"true\" class=\"wp-block-spacer\"><\/div>\n<\/div>\n<\/div>\n\n\n\n<p><\/p>\n","protected":false},"excerpt":{"rendered":"<p>About us Je suis Julien le Militaire Investisseur Militaire depuis 17 ans, investisseur depuis 11, fra\u00eechement titulaire d&#8217;un BTS Professions Immobili\u00e8res, je sais \u00e0 quel point notre solde peine \u00e0 suivre l\u2019inflation croissante. J&#8217;ai vu trop de camarades se lancer avec DEFMOB pour finalement se retrouver dans des m\u00e9tiers sans perspective, loin de ce que &hellip; <\/p>\n<p class=\"link-more\"><a href=\"https:\/\/www.militaire-investisseur.com\/\" class=\"more-link\">Read more<span class=\"screen-reader-text\"> &#8220;Homepage&#8221;<\/span><\/a><\/p>\n","protected":false},"author":1,"featured_media":0,"parent":0,"menu_order":0,"comment_status":"closed","ping_status":"closed","template":"page-templates\/homepage-builder-bb.php","meta":{"footnotes":""},"class_list":["post-15","page","type-page","status-publish","hentry"],"_links":{"self":[{"href":"https:\/\/www.militaire-investisseur.com\/index.php?rest_route=\/wp\/v2\/pages\/15","targetHints":{"allow":["GET"]}}],"collection":[{"href":"https:\/\/www.militaire-investisseur.com\/index.php?rest_route=\/wp\/v2\/pages"}],"about":[{"href":"https:\/\/www.militaire-investisseur.com\/index.php?rest_route=\/wp\/v2\/types\/page"}],"author":[{"embeddable":true,"href":"https:\/\/www.militaire-investisseur.com\/index.php?rest_route=\/wp\/v2\/users\/1"}],"replies":[{"embeddable":true,"href":"https:\/\/www.militaire-investisseur.com\/index.php?rest_route=%2Fwp%2Fv2%2Fcomments&post=15"}],"version-history":[{"count":4,"href":"https:\/\/www.militaire-investisseur.com\/index.php?rest_route=\/wp\/v2\/pages\/15\/revisions"}],"predecessor-version":[{"id":36,"href":"https:\/\/www.militaire-investisseur.com\/index.php?rest_route=\/wp\/v2\/pages\/15\/revisions\/36"}],"wp:attachment":[{"href":"https:\/\/www.militaire-investisseur.com\/index.php?rest_route=%2Fwp%2Fv2%2Fmedia&parent=15"}],"curies":[{"name":"wp","href":"https:\/\/api.w.org\/{rel}","templated":true}]}}